{"id":14,"date":"2016-10-23T22:51:16","date_gmt":"2016-10-23T20:51:16","guid":{"rendered":"http:\/\/amh-hamburg.de\/?page_id=14"},"modified":"2021-04-20T11:47:54","modified_gmt":"2021-04-20T09:47:54","slug":"home","status":"publish","type":"page","link":"https:\/\/www.amh-hamburg.de\/","title":{"rendered":"Herzlich Willkommen auf den Seiten des AMH e.V."},"content":{"rendered":"<p>Der Arbeitskreis Medizintechnik Hamburg e.V. ist eine Vereinigung von Absolventen und Dozenten des Studiengangs Medizintechnik der Hochschule f\u00fcr Angewandte Wissenschaften Hamburg sowie von Besch\u00e4ftigten der Medizintechnik im norddeutschen Raum.<\/p>\n<p>Seine Ziele sind:<\/p>\n<ul>\n<li>Pflege und Ausbau von Kontakten f\u00fcr die Besch\u00e4ftigten in der Medizintechnik und ihrer benachbarten Bereiche.<\/li>\n<li>Unterst\u00fctzung der Ausbildung von Medizintechnik-Ingenieuren an der Fakult\u00e4t Life Sciences der Hochschule f\u00fcr Angewandte Wissenschaften Hamburg.<\/li>\n<li>F\u00f6rderung der beruflichen Fortbildung von Medizintechnik-Ingenieuren.<\/li>\n<li>Austausch und Anwendung von Erfahrungen auf dem Gebiet der Medizintechnik.<\/li>\n<\/ul>\n<p>&nbsp;<\/p>\n<p>&nbsp;<\/p>\n<h1>Mitgliedsantrag<\/h1>\n<p>Download:<\/p>\n<p><a href=\"https:\/\/www.amh-hamburg.de\/wordpress\/wp-content\/uploads\/2021\/04\/antragsformular.pdf\"><img loading=\"lazy\" decoding=\"async\" class=\"alignnone wp-image-103\" src=\"http:\/\/amh-hamburg.de\/wp-content\/uploads\/2016\/10\/file-150x150.png\" alt=\"\" width=\"100\" height=\"100\" srcset=\"https:\/\/www.amh-hamburg.de\/wordpress\/wp-content\/uploads\/2016\/10\/file-150x150.png 150w, https:\/\/www.amh-hamburg.de\/wordpress\/wp-content\/uploads\/2016\/10\/file-300x300.png 300w, https:\/\/www.amh-hamburg.de\/wordpress\/wp-content\/uploads\/2016\/10\/file.png 512w\" sizes=\"auto, (max-width: 100px) 100vw, 100px\" \/><\/a><\/p>\n","protected":false},"excerpt":{"rendered":"<p>Der Arbeitskreis Medizintechnik Hamburg e.V. ist eine Vereinigung von Absolventen und Dozenten des Studiengangs Medizintechnik der Hochschule f\u00fcr Angewandte Wissenschaften Hamburg sowie von Besch\u00e4ftigten der Medizintechnik im norddeutschen Raum. Seine Ziele sind: Pflege und Ausbau von Kontakten f\u00fcr die Besch\u00e4ftigten in der Medizintechnik und ihrer benachbarten Bereiche. Unterst\u00fctzung der Ausbildung von Medizintechnik-Ingenieuren an der Fakult\u00e4t &#8230; <a title=\"Herzlich Willkommen auf den Seiten des AMH e.V.\" class=\"read-more\" href=\"https:\/\/www.amh-hamburg.de\/\">Weiterlesen &#8230;<\/a><\/p>\n","protected":false},"author":1,"featured_media":0,"parent":0,"menu_order":0,"comment_status":"closed","ping_status":"closed","template":"","meta":{"footnotes":""},"class_list":["post-14","page","type-page","status-publish"],"_links":{"self":[{"href":"https:\/\/www.amh-hamburg.de\/index.php?rest_route=\/wp\/v2\/pages\/14","targetHints":{"allow":["GET"]}}],"collection":[{"href":"https:\/\/www.amh-hamburg.de\/index.php?rest_route=\/wp\/v2\/pages"}],"about":[{"href":"https:\/\/www.amh-hamburg.de\/index.php?rest_route=\/wp\/v2\/types\/page"}],"author":[{"embeddable":true,"href":"https:\/\/www.amh-hamburg.de\/index.php?rest_route=\/wp\/v2\/users\/1"}],"replies":[{"embeddable":true,"href":"https:\/\/www.amh-hamburg.de\/index.php?rest_route=%2Fwp%2Fv2%2Fcomments&post=14"}],"version-history":[{"count":22,"href":"https:\/\/www.amh-hamburg.de\/index.php?rest_route=\/wp\/v2\/pages\/14\/revisions"}],"predecessor-version":[{"id":575,"href":"https:\/\/www.amh-hamburg.de\/index.php?rest_route=\/wp\/v2\/pages\/14\/revisions\/575"}],"wp:attachment":[{"href":"https:\/\/www.amh-hamburg.de\/index.php?rest_route=%2Fwp%2Fv2%2Fmedia&parent=14"}],"curies":[{"name":"wp","href":"https:\/\/api.w.org\/{rel}","templated":true}]}}